{"id":7926,"date":"2021-09-03T10:07:16","date_gmt":"2021-09-03T08:07:16","guid":{"rendered":"https:\/\/export-demos.qreativethemes.com\/elementor-physio\/?page_id=7926"},"modified":"2025-09-06T15:20:48","modified_gmt":"2025-09-06T13:20:48","slug":"about-us","status":"publish","type":"page","link":"https:\/\/physiotherapie-antonsviertel.de\/?page_id=7926","title":{"rendered":"\u00dcber uns"},"content":{"rendered":"\t\t<div data-elementor-type=\"wp-page\" data-elementor-id=\"7926\" class=\"elementor elementor-7926\">\n\t\t\t\t\t\t<div class=\"elementor-inner\">\n\t\t\t\t<div class=\"elementor-section-wrap\">\n\t\t\t\t\t\t\t\t\t<section class=\"elementor-section elementor-top-section elementor-element elementor-element-870879c elementor-section-boxed elementor-section-height-default elementor-section-height-default\" data-id=\"870879c\" data-element_type=\"section\">\n\t\t\t\t\t\t<div class=\"elementor-container elementor-column-gap-extended\">\n\t\t\t\t\t\t\t<div class=\"elementor-row\">\n\t\t\t\t\t<div class=\"elementor-column elementor-col-33 elementor-top-column elementor-element elementor-element-cb69219\" data-id=\"cb69219\" data-element_type=\"column\">\n\t\t\t<div class=\"elementor-column-wrap elementor-element-populated\">\n\t\t\t\t\t\t\t<div class=\"elementor-widget-wrap\">\n\t\t\t\t\t\t<div class=\"elementor-element elementor-element-abf84c4 elementor-widget elementor-widget-qt-custom-heading\" data-id=\"abf84c4\" data-element_type=\"widget\" data-widget_type=\"qt-custom-heading.default\">\n\t\t\t\t<div class=\"elementor-widget-container\">\n\t\t\t            <div class=\"custom-heading\">\n                <h2 class=\"widget-title\"><span class=\"normal\">Unsere<\/span> Vision<\/h2>\n            <\/div>\n        \t\t<\/div>\n\t\t\t\t<\/div>\n\t\t\t\t<div class=\"elementor-element elementor-element-545a3e5 elementor-widget elementor-widget-text-editor\" data-id=\"545a3e5\" data-element_type=\"widget\" data-widget_type=\"text-editor.default\">\n\t\t\t\t<div class=\"elementor-widget-container\">\n\t\t\t<style>\/*! elementor - v3.18.0 - 20-12-2023 *\/\n.elementor-widget-text-editor.elementor-drop-cap-view-stacked .elementor-drop-cap{background-color:#69727d;color:#fff}.elementor-widget-text-editor.elementor-drop-cap-view-framed .elementor-drop-cap{color:#69727d;border:3px solid;background-color:transparent}.elementor-widget-text-editor:not(.elementor-drop-cap-view-default) .elementor-drop-cap{margin-top:8px}.elementor-widget-text-editor:not(.elementor-drop-cap-view-default) .elementor-drop-cap-letter{width:1em;height:1em}.elementor-widget-text-editor .elementor-drop-cap{float:left;text-align:center;line-height:1;font-size:50px}.elementor-widget-text-editor .elementor-drop-cap-letter{display:inline-block}<\/style>\t\t\t\t\t<div class=\"elementor-text-editor elementor-clearfix\">\n\t\t\t\t<p>Attraktiver Arbeitgeber f\u00fcr hochqualifizierte Physiotherapeuten. Proaktive Gesch\u00e4ftspraktiken und effektive Behandlungsmethoden. Ressourcen, Schulungen und Weiterentwicklung f\u00fcr Mitarbeiter. Kultur des Wissensaustauschs und der Innovation. Erstklassige physiotherapeutische Versorgung und verbesserte Lebensqualit\u00e4t unserer Patienten.<\/p>\t\t\t\t\t<\/div>\n\t\t\t\t\t\t<\/div>\n\t\t\t\t<\/div>\n\t\t\t\t<div class=\"elementor-element elementor-element-0778751 elementor-widget elementor-widget-qt-custom-heading\" data-id=\"0778751\" data-element_type=\"widget\" data-widget_type=\"qt-custom-heading.default\">\n\t\t\t\t<div class=\"elementor-widget-container\">\n\t\t\t            <div class=\"custom-heading\">\n                <h2 class=\"widget-title\"><span class=\"normal\">Unsere<\/span> Philosophie<\/h2>\n            <\/div>\n        \t\t<\/div>\n\t\t\t\t<\/div>\n\t\t\t\t<div class=\"elementor-element elementor-element-44ec4ed elementor-widget elementor-widget-text-editor\" data-id=\"44ec4ed\" data-element_type=\"widget\" data-widget_type=\"text-editor.default\">\n\t\t\t\t<div class=\"elementor-widget-container\">\n\t\t\t\t\t\t\t\t<div class=\"elementor-text-editor elementor-clearfix\">\n\t\t\t\t<p>Unsere Praxis verfolgt eine ganzheitliche und individuelle Herangehensweise an die Physiotherapie. Mit ma\u00dfgeschneiderten Therapiepl\u00e4nen und einf\u00fchlsamer Betreuung unterst\u00fctzen wir die Genesung unserer Patienten. Unser engagiertes Team von hochqualifizierten Therapeuten setzt modernste Behandlungsmethoden ein, um ein schmerzfreies und aktives Leben zu f\u00f6rdern.<\/p>\t\t\t\t\t<\/div>\n\t\t\t\t\t\t<\/div>\n\t\t\t\t<\/div>\n\t\t\t\t\t\t<\/div>\n\t\t\t\t\t<\/div>\n\t\t<\/div>\n\t\t\t\t<div class=\"elementor-column elementor-col-33 elementor-top-column elementor-element elementor-element-b79519f\" data-id=\"b79519f\" data-element_type=\"column\">\n\t\t\t<div class=\"elementor-column-wrap elementor-element-populated\">\n\t\t\t\t\t\t\t<div class=\"elementor-widget-wrap\">\n\t\t\t\t\t\t<div class=\"elementor-element elementor-element-930bd52 elementor-widget elementor-widget-qt-custom-heading\" data-id=\"930bd52\" data-element_type=\"widget\" data-widget_type=\"qt-custom-heading.default\">\n\t\t\t\t<div class=\"elementor-widget-container\">\n\t\t\t            <div class=\"custom-heading\">\n                <h2 class=\"widget-title\"><span class=\"normal\">Unsere<\/span> Mission<\/h2>\n            <\/div>\n        \t\t<\/div>\n\t\t\t\t<\/div>\n\t\t\t\t<div class=\"elementor-element elementor-element-107fd00 elementor-widget elementor-widget-text-editor\" data-id=\"107fd00\" data-element_type=\"widget\" data-widget_type=\"text-editor.default\">\n\t\t\t\t<div class=\"elementor-widget-container\">\n\t\t\t\t\t\t\t\t<div class=\"elementor-text-editor elementor-clearfix\">\n\t\t\t\t<p>ist es, eine hohe Qualit\u00e4t in der physiotherapeutischen Versorgung zu bieten, eine einf\u00fchlsame Patientenbetreuung zu gew\u00e4hrleisten und einen professionellen Service anzubieten. Durch diese drei S\u00e4ulen m\u00f6chten wir unseren Patienten zu einem schmerzfreien und aktiven Leben verhelfen.<\/p><p><span style=\"color: #bbd898;\"><strong>Hohe Qualit\u00e4t<\/strong><\/span><br \/>Unsere Praxis strebt nach exzellenter physiotherapeutischer Versorgung durch Fachkompetenz und moderne Behandlungsmethoden.<\/p><p><span style=\"color: #bbd898;\"><strong>Patientenbetreuung<\/strong><\/span><br \/>Wir bieten einf\u00fchlsame und individuelle Therapiepl\u00e4ne, um das Wohlergehen unserer Patienten zu f\u00f6rdern.<\/p><p><span style=\"color: #bbd898;\"><strong>Professioneller Service<\/strong><\/span><br \/>Unser engagiertes Team bietet einen professionellen und pers\u00f6nlichen Service f\u00fcr eine optimale Betreuung unserer Patienten.<\/p>\t\t\t\t\t<\/div>\n\t\t\t\t\t\t<\/div>\n\t\t\t\t<\/div>\n\t\t\t\t\t\t<\/div>\n\t\t\t\t\t<\/div>\n\t\t<\/div>\n\t\t\t\t<div class=\"elementor-column elementor-col-33 elementor-top-column elementor-element elementor-element-3c3ad28\" data-id=\"3c3ad28\" data-element_type=\"column\">\n\t\t\t<div class=\"elementor-column-wrap elementor-element-populated\">\n\t\t\t\t\t\t\t<div class=\"elementor-widget-wrap\">\n\t\t\t\t\t\t<div class=\"elementor-element elementor-element-e3888f6 elementor-widget elementor-widget-image\" data-id=\"e3888f6\" data-element_type=\"widget\" data-widget_type=\"image.default\">\n\t\t\t\t<div class=\"elementor-widget-container\">\n\t\t\t<style>\/*! elementor - v3.18.0 - 20-12-2023 *\/\n.elementor-widget-image{text-align:center}.elementor-widget-image a{display:inline-block}.elementor-widget-image a img[src$=\".svg\"]{width:48px}.elementor-widget-image img{vertical-align:middle;display:inline-block}<\/style>\t\t\t\t\t<div class=\"elementor-image\">\n\t\t\t\t\t\t\t\t\t\t\t\t<img fetchpriority=\"high\" decoding=\"async\" width=\"850\" height=\"1200\" src=\"https:\/\/physiotherapie-antonsviertel.de\/wp-content\/uploads\/2023\/06\/about_us.jpg\" class=\"attachment-full size-full wp-image-8350\" alt=\"\" srcset=\"https:\/\/physiotherapie-antonsviertel.de\/wp-content\/uploads\/2023\/06\/about_us.jpg 850w, https:\/\/physiotherapie-antonsviertel.de\/wp-content\/uploads\/2023\/06\/about_us-213x300.jpg 213w, https:\/\/physiotherapie-antonsviertel.de\/wp-content\/uploads\/2023\/06\/about_us-725x1024.jpg 725w, https:\/\/physiotherapie-antonsviertel.de\/wp-content\/uploads\/2023\/06\/about_us-768x1084.jpg 768w, https:\/\/physiotherapie-antonsviertel.de\/wp-content\/uploads\/2023\/06\/about_us-600x847.jpg 600w\" sizes=\"(max-width: 850px) 100vw, 850px\" \/>\t\t\t\t\t\t\t\t\t\t\t\t\t\t<\/div>\n\t\t\t\t\t\t<\/div>\n\t\t\t\t<\/div>\n\t\t\t\t\t\t<\/div>\n\t\t\t\t\t<\/div>\n\t\t<\/div>\n\t\t\t\t\t\t\t\t<\/div>\n\t\t\t\t\t<\/div>\n\t\t<\/section>\n\t\t\t\t<section class=\"elementor-section elementor-top-section elementor-element elementor-element-7ef2863 elementor-section-boxed elementor-section-height-default elementor-section-height-default\" data-id=\"7ef2863\" data-element_type=\"section\">\n\t\t\t\t\t\t<div class=\"elementor-container elementor-column-gap-default\">\n\t\t\t\t\t\t\t<div class=\"elementor-row\">\n\t\t\t\t\t<div class=\"elementor-column elementor-col-100 elementor-top-column elementor-element elementor-element-8a04932\" data-id=\"8a04932\" data-element_type=\"column\" data-settings=\"{&quot;background_background&quot;:&quot;classic&quot;}\">\n\t\t\t<div class=\"elementor-column-wrap elementor-element-populated\">\n\t\t\t\t\t\t\t<div class=\"elementor-widget-wrap\">\n\t\t\t\t\t\t<div class=\"elementor-element elementor-element-c445d1d elementor-widget elementor-widget-qt-custom-heading\" data-id=\"c445d1d\" data-element_type=\"widget\" data-widget_type=\"qt-custom-heading.default\">\n\t\t\t\t<div class=\"elementor-widget-container\">\n\t\t\t            <div class=\"custom-heading\">\n                <h2 class=\"widget-title\"><span class=\"normal\">Motivierte<\/span> Therapeuten gesucht!<\/h2>\n            <\/div>\n        \t\t<\/div>\n\t\t\t\t<\/div>\n\t\t\t\t<div class=\"elementor-element elementor-element-b7bf8bf elementor-widget elementor-widget-text-editor\" data-id=\"b7bf8bf\" data-element_type=\"widget\" data-widget_type=\"text-editor.default\">\n\t\t\t\t<div class=\"elementor-widget-container\">\n\t\t\t\t\t\t\t\t<div class=\"elementor-text-editor elementor-clearfix\">\n\t\t\t\t<p><span style=\"color: #bbd898;\"><br \/><a class=\"text-link\" href=\"?page_id=8118\">offene Stellen<\/a><br \/><\/span><\/p>\t\t\t\t\t<\/div>\n\t\t\t\t\t\t<\/div>\n\t\t\t\t<\/div>\n\t\t\t\t\t\t<\/div>\n\t\t\t\t\t<\/div>\n\t\t<\/div>\n\t\t\t\t\t\t\t\t<\/div>\n\t\t\t\t\t<\/div>\n\t\t<\/section>\n\t\t\t\t\t\t\t\t\t<\/div>\n\t\t\t<\/div>\n\t\t\t\t\t<\/div>\n\t\t","protected":false},"excerpt":{"rendered":"<p>Unsere Vision Attraktiver Arbeitgeber f\u00fcr hochqualifizierte Physiotherapeuten. Proaktive Gesch\u00e4ftspraktiken und effektive Behandlungsmethoden. Ressourcen, Schulungen und Weiterentwicklung f\u00fcr Mitarbeiter. Kultur des Wissensaustauschs und der Innovation. Erstklassige physiotherapeutische Versorgung und verbesserte Lebensqualit\u00e4t unserer Patienten. Unsere Philosophie Unsere Praxis verfolgt eine ganzheitliche und individuelle Herangehensweise an die Physiotherapie. Mit ma\u00dfgeschneiderten Therapiepl\u00e4nen und einf\u00fchlsamer Betreuung unterst\u00fctzen wir die Genesung [&hellip;]<\/p>\n","protected":false},"author":1,"featured_media":0,"parent":0,"menu_order":0,"comment_status":"closed","ping_status":"closed","template":"","meta":{"footnotes":""},"class_list":["post-7926","page","type-page","status-publish","hentry"],"acf":[],"_links":{"self":[{"href":"https:\/\/physiotherapie-antonsviertel.de\/index.php?rest_route=\/wp\/v2\/pages\/7926","targetHints":{"allow":["GET"]}}],"collection":[{"href":"https:\/\/physiotherapie-antonsviertel.de\/index.php?rest_route=\/wp\/v2\/pages"}],"about":[{"href":"https:\/\/physiotherapie-antonsviertel.de\/index.php?rest_route=\/wp\/v2\/types\/page"}],"author":[{"embeddable":true,"href":"https:\/\/physiotherapie-antonsviertel.de\/index.php?rest_route=\/wp\/v2\/users\/1"}],"replies":[{"embeddable":true,"href":"https:\/\/physiotherapie-antonsviertel.de\/index.php?rest_route=%2Fwp%2Fv2%2Fcomments&post=7926"}],"version-history":[{"count":22,"href":"https:\/\/physiotherapie-antonsviertel.de\/index.php?rest_route=\/wp\/v2\/pages\/7926\/revisions"}],"predecessor-version":[{"id":8660,"href":"https:\/\/physiotherapie-antonsviertel.de\/index.php?rest_route=\/wp\/v2\/pages\/7926\/revisions\/8660"}],"wp:attachment":[{"href":"https:\/\/physiotherapie-antonsviertel.de\/index.php?rest_route=%2Fwp%2Fv2%2Fmedia&parent=7926"}],"curies":[{"name":"wp","href":"https:\/\/api.w.org\/{rel}","templated":true}]}}