{"id":8043,"date":"2021-09-03T15:58:46","date_gmt":"2021-09-03T13:58:46","guid":{"rendered":"https:\/\/export-demos.qreativethemes.com\/elementor-physio\/?page_id=8043"},"modified":"2023-06-12T22:39:16","modified_gmt":"2023-06-12T20:39:16","slug":"krankengymnastik-kg","status":"publish","type":"page","link":"https:\/\/physiotherapie-antonsviertel.de\/?page_id=8043","title":{"rendered":"Krankengymnastik (KG)"},"content":{"rendered":"\t\t<div data-elementor-type=\"wp-page\" data-elementor-id=\"8043\" class=\"elementor elementor-8043\">\n\t\t\t\t\t\t<div class=\"elementor-inner\">\n\t\t\t\t<div class=\"elementor-section-wrap\">\n\t\t\t\t\t\t\t\t\t<section class=\"elementor-section elementor-top-section elementor-element elementor-element-9e0d5d2 elementor-section-boxed elementor-section-height-default elementor-section-height-default\" data-id=\"9e0d5d2\" data-element_type=\"section\">\n\t\t\t\t\t\t<div class=\"elementor-container elementor-column-gap-extended\">\n\t\t\t\t\t\t\t<div class=\"elementor-row\">\n\t\t\t\t\t<div class=\"elementor-column elementor-col-50 elementor-top-column elementor-element elementor-element-8ddd175\" data-id=\"8ddd175\" data-element_type=\"column\">\n\t\t\t<div class=\"elementor-column-wrap elementor-element-populated\">\n\t\t\t\t\t\t\t<div class=\"elementor-widget-wrap\">\n\t\t\t\t\t\t<div class=\"elementor-element elementor-element-a3a312c elementor-widget elementor-widget-image\" data-id=\"a3a312c\" data-element_type=\"widget\" data-widget_type=\"image.default\">\n\t\t\t\t<div class=\"elementor-widget-container\">\n\t\t\t<style>\/*! elementor - v3.18.0 - 20-12-2023 *\/\n.elementor-widget-image{text-align:center}.elementor-widget-image a{display:inline-block}.elementor-widget-image a img[src$=\".svg\"]{width:48px}.elementor-widget-image img{vertical-align:middle;display:inline-block}<\/style>\t\t\t\t\t<div class=\"elementor-image\">\n\t\t\t\t\t\t\t\t\t\t\t\t<img fetchpriority=\"high\" decoding=\"async\" width=\"850\" height=\"567\" src=\"https:\/\/physiotherapie-antonsviertel.de\/wp-content\/uploads\/2023\/06\/physio_03.jpg\" class=\"attachment-full size-full wp-image-8367\" alt=\"\" srcset=\"https:\/\/physiotherapie-antonsviertel.de\/wp-content\/uploads\/2023\/06\/physio_03.jpg 850w, https:\/\/physiotherapie-antonsviertel.de\/wp-content\/uploads\/2023\/06\/physio_03-300x200.jpg 300w, https:\/\/physiotherapie-antonsviertel.de\/wp-content\/uploads\/2023\/06\/physio_03-768x512.jpg 768w, https:\/\/physiotherapie-antonsviertel.de\/wp-content\/uploads\/2023\/06\/physio_03-360x240.jpg 360w, https:\/\/physiotherapie-antonsviertel.de\/wp-content\/uploads\/2023\/06\/physio_03-600x400.jpg 600w, https:\/\/physiotherapie-antonsviertel.de\/wp-content\/uploads\/2023\/06\/physio_03-272x182.jpg 272w\" sizes=\"(max-width: 850px) 100vw, 850px\" \/>\t\t\t\t\t\t\t\t\t\t\t\t\t\t<\/div>\n\t\t\t\t\t\t<\/div>\n\t\t\t\t<\/div>\n\t\t\t\t<div class=\"elementor-element elementor-element-ab8e67e elementor-widget elementor-widget-image\" data-id=\"ab8e67e\" data-element_type=\"widget\" data-widget_type=\"image.default\">\n\t\t\t\t<div class=\"elementor-widget-container\">\n\t\t\t\t\t\t\t\t<div class=\"elementor-image\">\n\t\t\t\t\t\t\t\t\t\t\t\t<img decoding=\"async\" width=\"850\" height=\"567\" src=\"https:\/\/physiotherapie-antonsviertel.de\/wp-content\/uploads\/2023\/06\/physio_09.jpg\" class=\"attachment-full size-full wp-image-8368\" alt=\"\" srcset=\"https:\/\/physiotherapie-antonsviertel.de\/wp-content\/uploads\/2023\/06\/physio_09.jpg 850w, https:\/\/physiotherapie-antonsviertel.de\/wp-content\/uploads\/2023\/06\/physio_09-300x200.jpg 300w, https:\/\/physiotherapie-antonsviertel.de\/wp-content\/uploads\/2023\/06\/physio_09-768x512.jpg 768w, https:\/\/physiotherapie-antonsviertel.de\/wp-content\/uploads\/2023\/06\/physio_09-360x240.jpg 360w, https:\/\/physiotherapie-antonsviertel.de\/wp-content\/uploads\/2023\/06\/physio_09-600x400.jpg 600w, https:\/\/physiotherapie-antonsviertel.de\/wp-content\/uploads\/2023\/06\/physio_09-272x182.jpg 272w\" sizes=\"(max-width: 850px) 100vw, 850px\" \/>\t\t\t\t\t\t\t\t\t\t\t\t\t\t<\/div>\n\t\t\t\t\t\t<\/div>\n\t\t\t\t<\/div>\n\t\t\t\t\t\t<\/div>\n\t\t\t\t\t<\/div>\n\t\t<\/div>\n\t\t\t\t<div class=\"elementor-column elementor-col-50 elementor-top-column elementor-element elementor-element-610998e\" data-id=\"610998e\" data-element_type=\"column\">\n\t\t\t<div class=\"elementor-column-wrap elementor-element-populated\">\n\t\t\t\t\t\t\t<div class=\"elementor-widget-wrap\">\n\t\t\t\t\t\t<div class=\"elementor-element elementor-element-a45fbc9 elementor-drop-cap-yes elementor-drop-cap-view-default elementor-widget elementor-widget-text-editor\" data-id=\"a45fbc9\" data-element_type=\"widget\" data-settings=\"{&quot;drop_cap&quot;:&quot;yes&quot;}\" data-widget_type=\"text-editor.default\">\n\t\t\t\t<div class=\"elementor-widget-container\">\n\t\t\t<style>\/*! elementor - v3.18.0 - 20-12-2023 *\/\n.elementor-widget-text-editor.elementor-drop-cap-view-stacked .elementor-drop-cap{background-color:#69727d;color:#fff}.elementor-widget-text-editor.elementor-drop-cap-view-framed .elementor-drop-cap{color:#69727d;border:3px solid;background-color:transparent}.elementor-widget-text-editor:not(.elementor-drop-cap-view-default) .elementor-drop-cap{margin-top:8px}.elementor-widget-text-editor:not(.elementor-drop-cap-view-default) .elementor-drop-cap-letter{width:1em;height:1em}.elementor-widget-text-editor .elementor-drop-cap{float:left;text-align:center;line-height:1;font-size:50px}.elementor-widget-text-editor .elementor-drop-cap-letter{display:inline-block}<\/style>\t\t\t\t\t<div class=\"elementor-text-editor elementor-clearfix\">\n\t\t\t\t<p><strong><span style=\"color: #bbd898;\">Krankengymnastik zur Verbesserung der Fitness nach Verletzungen und Funktionsst\u00f6rungen<br \/><\/span><\/strong>Unsere Krankengymnastik bietet individuell angepasste \u00dcbungen, um Ihre Beweglichkeit, Muskelkraft, Gleichgewicht, Koordination und Ausdauer nach Verletzungen oder Funktionsst\u00f6rungen zu verbessern. Erfahrene Therapeuten begleiten Sie professionell auf Ihrem Genesungsweg. Durch gezielte \u00dcbungen f\u00f6rdern wir Ihre k\u00f6rperliche Fitness und unterst\u00fctzen Sie dabei, Ihren Alltag wieder uneingeschr\u00e4nkt bew\u00e4ltigen zu k\u00f6nnen.<\/p><p>\u00a0<\/p>\t\t\t\t\t<\/div>\n\t\t\t\t\t\t<\/div>\n\t\t\t\t<\/div>\n\t\t\t\t<div class=\"elementor-element elementor-element-d8472f6 elementor-widget elementor-widget-text-editor\" data-id=\"d8472f6\" data-element_type=\"widget\" data-widget_type=\"text-editor.default\">\n\t\t\t\t<div class=\"elementor-widget-container\">\n\t\t\t\t\t\t\t\t<div class=\"elementor-text-editor elementor-clearfix\">\n\t\t\t\t<p><strong><span style=\"color: #bbd898;\">Freundliche und umfassende Unterst\u00fctzung f\u00fcr Ihre Rehabilitation<br \/><\/span><\/strong>Bei uns erwartet Sie eine freundliche und unterst\u00fctzende Atmosph\u00e4re w\u00e4hrend Ihrer Rehabilitation. Unsere Therapeuten nehmen sich Zeit, um auf Ihre individuellen Fragen, Anliegen und Bed\u00fcrfnisse einzugehen. Mit ihrer Fachexpertise begleiten sie Sie auf Ihrem Weg zur Genesung und motivieren Sie kontinuierlich. Wir bieten Ihnen eine ganzheitliche Betreuung und stehen Ihnen bei jedem Schritt Ihrer Rehabilitation zur Seite. Kontaktieren Sie uns f\u00fcr weitere Informationen und Terminvereinbarungen, damit wir Sie optimal unterst\u00fctzen k\u00f6nnen.<\/p>\t\t\t\t\t<\/div>\n\t\t\t\t\t\t<\/div>\n\t\t\t\t<\/div>\n\t\t\t\t\t\t<\/div>\n\t\t\t\t\t<\/div>\n\t\t<\/div>\n\t\t\t\t\t\t\t\t<\/div>\n\t\t\t\t\t<\/div>\n\t\t<\/section>\n\t\t\t\t\t\t\t\t\t<\/div>\n\t\t\t<\/div>\n\t\t\t\t\t<\/div>\n\t\t","protected":false},"excerpt":{"rendered":"<p>zur Verbesserung der Fitness nach Verletzungen und Funktionsst\u00f6rungen<br \/>\nUnsere Krankengymnastik bietet individuell angepasste \u00dcbungen, um Ihre Beweglichkeit, Muskelkraft, Gleichgewicht, Koordination und Ausdauer nach Verletzungen oder Funktionsst\u00f6rungen zu verbessern.<\/p>\n","protected":false},"author":1,"featured_media":8202,"parent":8030,"menu_order":0,"comment_status":"closed","ping_status":"closed","template":"","meta":{"footnotes":""},"class_list":["post-8043","page","type-page","status-publish","has-post-thumbnail","hentry"],"acf":[],"_links":{"self":[{"href":"https:\/\/physiotherapie-antonsviertel.de\/index.php?rest_route=\/wp\/v2\/pages\/8043","targetHints":{"allow":["GET"]}}],"collection":[{"href":"https:\/\/physiotherapie-antonsviertel.de\/index.php?rest_route=\/wp\/v2\/pages"}],"about":[{"href":"https:\/\/physiotherapie-antonsviertel.de\/index.php?rest_route=\/wp\/v2\/types\/page"}],"author":[{"embeddable":true,"href":"https:\/\/physiotherapie-antonsviertel.de\/index.php?rest_route=\/wp\/v2\/users\/1"}],"replies":[{"embeddable":true,"href":"https:\/\/physiotherapie-antonsviertel.de\/index.php?rest_route=%2Fwp%2Fv2%2Fcomments&post=8043"}],"version-history":[{"count":29,"href":"https:\/\/physiotherapie-antonsviertel.de\/index.php?rest_route=\/wp\/v2\/pages\/8043\/revisions"}],"predecessor-version":[{"id":8464,"href":"https:\/\/physiotherapie-antonsviertel.de\/index.php?rest_route=\/wp\/v2\/pages\/8043\/revisions\/8464"}],"up":[{"embeddable":true,"href":"https:\/\/physiotherapie-antonsviertel.de\/index.php?rest_route=\/wp\/v2\/pages\/8030"}],"wp:featuredmedia":[{"embeddable":true,"href":"https:\/\/physiotherapie-antonsviertel.de\/index.php?rest_route=\/wp\/v2\/media\/8202"}],"wp:attachment":[{"href":"https:\/\/physiotherapie-antonsviertel.de\/index.php?rest_route=%2Fwp%2Fv2%2Fmedia&parent=8043"}],"curies":[{"name":"wp","href":"https:\/\/api.w.org\/{rel}","templated":true}]}}