{"id":8053,"date":"2021-09-03T16:14:18","date_gmt":"2021-09-03T14:14:18","guid":{"rendered":"https:\/\/export-demos.qreativethemes.com\/elementor-physio\/?page_id=8053"},"modified":"2023-10-28T21:46:39","modified_gmt":"2023-10-28T19:46:39","slug":"atem-therapie","status":"publish","type":"page","link":"https:\/\/physiotherapie-antonsviertel.de\/?page_id=8053","title":{"rendered":"Atemtherapie"},"content":{"rendered":"\t\t<div data-elementor-type=\"wp-page\" data-elementor-id=\"8053\" class=\"elementor elementor-8053\">\n\t\t\t\t\t\t<div class=\"elementor-inner\">\n\t\t\t\t<div class=\"elementor-section-wrap\">\n\t\t\t\t\t\t\t\t\t<section class=\"elementor-section elementor-top-section elementor-element elementor-element-9cbbfaa elementor-section-boxed elementor-section-height-default elementor-section-height-default\" data-id=\"9cbbfaa\" data-element_type=\"section\">\n\t\t\t\t\t\t<div class=\"elementor-container elementor-column-gap-extended\">\n\t\t\t\t\t\t\t<div class=\"elementor-row\">\n\t\t\t\t\t<div class=\"elementor-column elementor-col-50 elementor-top-column elementor-element elementor-element-eb96f66\" data-id=\"eb96f66\" data-element_type=\"column\">\n\t\t\t<div class=\"elementor-column-wrap elementor-element-populated\">\n\t\t\t\t\t\t\t<div class=\"elementor-widget-wrap\">\n\t\t\t\t\t\t<div class=\"elementor-element elementor-element-9ebd5e3 elementor-widget elementor-widget-image\" data-id=\"9ebd5e3\" data-element_type=\"widget\" data-widget_type=\"image.default\">\n\t\t\t\t<div class=\"elementor-widget-container\">\n\t\t\t<style>\/*! elementor - v3.18.0 - 20-12-2023 *\/\n.elementor-widget-image{text-align:center}.elementor-widget-image a{display:inline-block}.elementor-widget-image a img[src$=\".svg\"]{width:48px}.elementor-widget-image img{vertical-align:middle;display:inline-block}<\/style>\t\t\t\t\t<div class=\"elementor-image\">\n\t\t\t\t\t\t\t\t\t\t\t\t<img fetchpriority=\"high\" decoding=\"async\" width=\"850\" height=\"567\" src=\"https:\/\/physiotherapie-antonsviertel.de\/wp-content\/uploads\/2023\/06\/physio_03.jpg\" class=\"attachment-large size-large wp-image-8367\" alt=\"\" srcset=\"https:\/\/physiotherapie-antonsviertel.de\/wp-content\/uploads\/2023\/06\/physio_03.jpg 850w, https:\/\/physiotherapie-antonsviertel.de\/wp-content\/uploads\/2023\/06\/physio_03-300x200.jpg 300w, https:\/\/physiotherapie-antonsviertel.de\/wp-content\/uploads\/2023\/06\/physio_03-768x512.jpg 768w, https:\/\/physiotherapie-antonsviertel.de\/wp-content\/uploads\/2023\/06\/physio_03-360x240.jpg 360w, https:\/\/physiotherapie-antonsviertel.de\/wp-content\/uploads\/2023\/06\/physio_03-600x400.jpg 600w, https:\/\/physiotherapie-antonsviertel.de\/wp-content\/uploads\/2023\/06\/physio_03-272x182.jpg 272w\" sizes=\"(max-width: 850px) 100vw, 850px\" \/>\t\t\t\t\t\t\t\t\t\t\t\t\t\t<\/div>\n\t\t\t\t\t\t<\/div>\n\t\t\t\t<\/div>\n\t\t\t\t<div class=\"elementor-element elementor-element-302ae18 elementor-widget elementor-widget-image\" data-id=\"302ae18\" data-element_type=\"widget\" data-widget_type=\"image.default\">\n\t\t\t\t<div class=\"elementor-widget-container\">\n\t\t\t\t\t\t\t\t<div class=\"elementor-image\">\n\t\t\t\t\t\t\t\t\t\t\t\t<img fetchpriority=\"high\" decoding=\"async\" width=\"850\" height=\"567\" src=\"https:\/\/physiotherapie-antonsviertel.de\/wp-content\/uploads\/2023\/06\/physio_03.jpg\" class=\"attachment-large size-large wp-image-8367\" alt=\"\" srcset=\"https:\/\/physiotherapie-antonsviertel.de\/wp-content\/uploads\/2023\/06\/physio_03.jpg 850w, https:\/\/physiotherapie-antonsviertel.de\/wp-content\/uploads\/2023\/06\/physio_03-300x200.jpg 300w, https:\/\/physiotherapie-antonsviertel.de\/wp-content\/uploads\/2023\/06\/physio_03-768x512.jpg 768w, https:\/\/physiotherapie-antonsviertel.de\/wp-content\/uploads\/2023\/06\/physio_03-360x240.jpg 360w, https:\/\/physiotherapie-antonsviertel.de\/wp-content\/uploads\/2023\/06\/physio_03-600x400.jpg 600w, https:\/\/physiotherapie-antonsviertel.de\/wp-content\/uploads\/2023\/06\/physio_03-272x182.jpg 272w\" sizes=\"(max-width: 850px) 100vw, 850px\" \/>\t\t\t\t\t\t\t\t\t\t\t\t\t\t<\/div>\n\t\t\t\t\t\t<\/div>\n\t\t\t\t<\/div>\n\t\t\t\t\t\t<\/div>\n\t\t\t\t\t<\/div>\n\t\t<\/div>\n\t\t\t\t<div class=\"elementor-column elementor-col-50 elementor-top-column elementor-element elementor-element-6ca4ba3\" data-id=\"6ca4ba3\" data-element_type=\"column\">\n\t\t\t<div class=\"elementor-column-wrap elementor-element-populated\">\n\t\t\t\t\t\t\t<div class=\"elementor-widget-wrap\">\n\t\t\t\t\t\t<div class=\"elementor-element elementor-element-b57454b elementor-widget elementor-widget-text-editor\" data-id=\"b57454b\" data-element_type=\"widget\" data-widget_type=\"text-editor.default\">\n\t\t\t\t<div class=\"elementor-widget-container\">\n\t\t\t<style>\/*! elementor - v3.18.0 - 20-12-2023 *\/\n.elementor-widget-text-editor.elementor-drop-cap-view-stacked .elementor-drop-cap{background-color:#69727d;color:#fff}.elementor-widget-text-editor.elementor-drop-cap-view-framed .elementor-drop-cap{color:#69727d;border:3px solid;background-color:transparent}.elementor-widget-text-editor:not(.elementor-drop-cap-view-default) .elementor-drop-cap{margin-top:8px}.elementor-widget-text-editor:not(.elementor-drop-cap-view-default) .elementor-drop-cap-letter{width:1em;height:1em}.elementor-widget-text-editor .elementor-drop-cap{float:left;text-align:center;line-height:1;font-size:50px}.elementor-widget-text-editor .elementor-drop-cap-letter{display:inline-block}<\/style>\t\t\t\t\t<div class=\"elementor-text-editor elementor-clearfix\">\n\t\t\t\t<p><span style=\"color: #bbd898;\"><strong>Optimieren Sie Ihre Atmung und verbessern Sie Ihre Gesundheit mit unserer Atemtherapie<br \/><\/strong><\/span>Die Atemtherapie in der Physiotherapie zielt darauf ab, die Funktion der Atemwege zu verbessern und die Atmung zu optimieren.<\/p><p>Sie umfasst \u00dcbungen und Techniken, um die Atemmuskulatur zu st\u00e4rken, die Atemkapazit\u00e4t zu erh\u00f6hen und die Atemkontrolle zu verbessern.<\/p><p>Dies hilft Patienten mit Atemwegserkrankungen und nach Brust- oder Bauchoperationen.<br \/><br \/><\/p>\t\t\t\t\t<\/div>\n\t\t\t\t\t\t<\/div>\n\t\t\t\t<\/div>\n\t\t\t\t<div class=\"elementor-element elementor-element-f3006f8 elementor-widget elementor-widget-text-editor\" data-id=\"f3006f8\" data-element_type=\"widget\" data-widget_type=\"text-editor.default\">\n\t\t\t\t<div class=\"elementor-widget-container\">\n\t\t\t\t\t\t\t\t<div class=\"elementor-text-editor elementor-clearfix\">\n\t\t\t\t<p><strong><span style=\"color: #bbd898;\">Freundliche und umfassende Begleitung zur Optimierung Ihrer Atmung und Rehabilitation<br \/><\/span><\/strong>Optimieren Sie Ihre Atmung und Rehabilitation mit unserer freundlichen und spezialisierten Atemtherapie.<\/p><p>St\u00e4rken Sie Ihre Atemmuskulatur, verbessern Sie Atemmuster und erh\u00f6hen Sie die Lungenkapazit\u00e4t.<\/p><p>Wir unterst\u00fctzen auch bei Schmerzlinderung und Stressreduktion.<\/p><p>Kommen Sie zu uns und profitieren Sie von unserer professionellen Betreuung.<\/p>\t\t\t\t\t<\/div>\n\t\t\t\t\t\t<\/div>\n\t\t\t\t<\/div>\n\t\t\t\t\t\t<\/div>\n\t\t\t\t\t<\/div>\n\t\t<\/div>\n\t\t\t\t\t\t\t\t<\/div>\n\t\t\t\t\t<\/div>\n\t\t<\/section>\n\t\t\t\t\t\t\t\t\t<\/div>\n\t\t\t<\/div>\n\t\t\t\t\t<\/div>\n\t\t","protected":false},"excerpt":{"rendered":"<p>Optimieren Sie Ihre Atmung und verbessern Sie Ihre Gesundheit mit unserer Atemtherapie<br \/>\nDie Optimierung der Atmung ist entscheidend f\u00fcr Gesundheit und Rehabilitation.<\/p>\n<p>Atemtherapie nutzt gezielte Techniken, um Atemmuskulatur zu st\u00e4rken, Lungenkapazit\u00e4t zu erh\u00f6hen und Atemkontrolle zu verbessern.<\/p>\n<p>Hilfreich bei Atemwegserkrankungen, Rehabilitation und Schmerzlinderung.<br \/>\nZusammenarbeit mit Physiotherapeuten und Atemtherapeuten f\u00fcr beste Ergebnisse.<\/p>\n","protected":false},"author":1,"featured_media":8201,"parent":8030,"menu_order":0,"comment_status":"closed","ping_status":"closed","template":"","meta":{"footnotes":""},"class_list":["post-8053","page","type-page","status-publish","has-post-thumbnail","hentry"],"acf":[],"_links":{"self":[{"href":"https:\/\/physiotherapie-antonsviertel.de\/index.php?rest_route=\/wp\/v2\/pages\/8053","targetHints":{"allow":["GET"]}}],"collection":[{"href":"https:\/\/physiotherapie-antonsviertel.de\/index.php?rest_route=\/wp\/v2\/pages"}],"about":[{"href":"https:\/\/physiotherapie-antonsviertel.de\/index.php?rest_route=\/wp\/v2\/types\/page"}],"author":[{"embeddable":true,"href":"https:\/\/physiotherapie-antonsviertel.de\/index.php?rest_route=\/wp\/v2\/users\/1"}],"replies":[{"embeddable":true,"href":"https:\/\/physiotherapie-antonsviertel.de\/index.php?rest_route=%2Fwp%2Fv2%2Fcomments&post=8053"}],"version-history":[{"count":29,"href":"https:\/\/physiotherapie-antonsviertel.de\/index.php?rest_route=\/wp\/v2\/pages\/8053\/revisions"}],"predecessor-version":[{"id":8634,"href":"https:\/\/physiotherapie-antonsviertel.de\/index.php?rest_route=\/wp\/v2\/pages\/8053\/revisions\/8634"}],"up":[{"embeddable":true,"href":"https:\/\/physiotherapie-antonsviertel.de\/index.php?rest_route=\/wp\/v2\/pages\/8030"}],"wp:featuredmedia":[{"embeddable":true,"href":"https:\/\/physiotherapie-antonsviertel.de\/index.php?rest_route=\/wp\/v2\/media\/8201"}],"wp:attachment":[{"href":"https:\/\/physiotherapie-antonsviertel.de\/index.php?rest_route=%2Fwp%2Fv2%2Fmedia&parent=8053"}],"curies":[{"name":"wp","href":"https:\/\/api.w.org\/{rel}","templated":true}]}}