{"id":8263,"date":"2023-06-12T16:54:27","date_gmt":"2023-06-12T14:54:27","guid":{"rendered":"https:\/\/actionhansz.servebeer.com\/?page_id=8263"},"modified":"2023-06-12T17:07:42","modified_gmt":"2023-06-12T15:07:42","slug":"impressum","status":"publish","type":"page","link":"https:\/\/physiotherapie-antonsviertel.de\/?page_id=8263","title":{"rendered":"Impressum"},"content":{"rendered":"\n<h2 class=\"wp-block-heading\">Angaben gem\u00e4\u00df \u00a7 5 TM<\/h2>\n\n\n\n<p>Physiotherapie im Antonsviertel<br>Nina W\u00fcnsch<br>Mundingstra\u00dfe 3a<br>86159 Augsburg<\/p>\n\n\n\n<h2 class=\"wp-block-heading\">Kontakt:<\/h2>\n\n\n\n<p>Telefon: 0821\/ 589 23 24<br>E-Mail: gesellschaft (at) physiotherapie-antonsviertel.de<\/p>\n\n\n\n<h2 class=\"wp-block-heading\">Aufsichtsbeh\u00f6rde:<\/h2>\n\n\n\n<p>Gesundheitsamt Augsburg<br>Hoher Weg 8<br>86152 Augsburg<\/p>\n\n\n\n<h2 class=\"wp-block-heading\">Berufsbezeichnung<br>und berufsrechtliche Regelungen<\/h2>\n\n\n\n<p>Berufsbezeichnung: Physiotherapeuten<br>Verliehen durch:<br>Zust\u00e4ndige Kammer: Gesundheitsamt Augsburg<\/p>\n\n\n\n<p>Es gelten folgende berufsrechtliche Regelungen: Staatlich anerkannter Physiotherapeut<br>Regelungen einsehbar unter:&nbsp;<a href=\"http:\/\/www.physio.de\/zulassung\/gesetz-beruf-pt.php\">http:\/\/www.physio.de\/zulassung\/gesetz-beruf-pt.php<\/a><\/p>\n\n\n\n<h2 class=\"wp-block-heading\">Angaben<br>zur Berufshaftpflichtversicherung<\/h2>\n\n\n\n<p>Name und Sitz des Versicherers:<br>Zurich AG Versicherung, Platz der Einheit 2, 60327 Frankfurt am Main<br>Geltungsraum der Versicherung: Deutschland<\/p>\n\n\n\n<h2 class=\"wp-block-heading\">Streitschlichtung<\/h2>\n\n\n\n<p>Die Europ\u00e4ische Kommission stellt eine Plattform zur Online-Streitbeilegung (OS) bereit:&nbsp;<a href=\"https:\/\/ec.europa.eu\/consumers\/odr\">https:\/\/ec.europa.eu\/consumers\/odr<\/a>.<\/p>\n\n\n\n<p>Unsere E-Mail-Adresse finden Sie oben im Impressum.<\/p>\n\n\n\n<p>Wir sind nicht bereit oder verpflichtet, an Streitbeilegungsverfahren vor<br>einer Verbraucherschlichtungsstelle teilzunehmen.<\/p>\n\n\n\n<h2 class=\"wp-block-heading\">Haftung<br>f\u00fcr Inhalte<\/h2>\n\n\n\n<p>Als Diensteanbieter sind wir gem\u00e4\u00df \u00a7 7 Abs.1 TMG f\u00fcr eigene Inhalte<br>auf diesen Seiten nach den allgemeinen Gesetzen verantwortlich. Nach<br>\u00a7\u00a7 8 bis 10 TMG sind wir als Diensteanbieter jedoch nicht<br>verpflichtet, \u00fcbermittelte oder gespeicherte fremde Informationen zu<br>\u00fcberwachen oder nach Umst\u00e4nden zu forschen, die auf eine<br>rechtswidrige T\u00e4tigkeit hinweisen.<\/p>\n\n\n\n<p>Verpflichtungen zur Entfernung oder Sperrung der Nutzung von Informationen nach den<br>allgemeinen Gesetzen bleiben hiervon unber\u00fchrt. Eine diesbez\u00fcgliche<br>Haftung ist jedoch erst ab dem Zeitpunkt der Kenntnis einer konkreten<br>Rechtsverletzung m\u00f6glich. Bei Bekanntwerden von entsprechenden<br>Rechtsverletzungen werden wir diese Inhalte umgehend entfernen.<\/p>\n\n\n\n<h2 class=\"wp-block-heading\">Haftung<br>f\u00fcr Links<\/h2>\n\n\n\n<p>Unser Angebot enth\u00e4lt Links zu externen Websites Dritter, auf deren<br>Inhalte wir keinen Einfluss haben. Deshalb k\u00f6nnen wir f\u00fcr diese<br>fremden Inhalte auch keine Gew\u00e4hr \u00fcbernehmen. F\u00fcr die Inhalte der<br>verlinkten Seiten ist stets der jeweilige Anbieter oder Betreiber der<br>Seiten verantwortlich. Die verlinkten Seiten wurden zum Zeitpunkt der<br>Verlinkung auf m\u00f6gliche Rechtsverst\u00f6\u00dfe \u00fcberpr\u00fcft. Rechtswidrige<br>Inhalte waren zum Zeitpunkt der Verlinkung nicht erkennbar.<\/p>\n\n\n\n<p>Eine permanente inhaltliche Kontrolle der verlinkten Seiten ist jedoch<br>ohne konkrete Anhaltspunkte einer Rechtsverletzung nicht zumutbar.<br>Bei Bekanntwerden von Rechtsverletzungen werden wir derartige Links<br>umgehend entfernen.<\/p>\n\n\n\n<h2 class=\"wp-block-heading\">Urheberrecht<\/h2>\n\n\n\n<p>Die durch die Seitenbetreiber erstellten Inhalte und Werke auf diesen<br>Seiten unterliegen dem deutschen Urheberrecht. Die Vervielf\u00e4ltigung,<br>Bearbeitung, Verbreitung und jede Art der Verwertung au\u00dferhalb der<br>Grenzen des Urheberrechtes bed\u00fcrfen der schriftlichen Zustimmung des<br>jeweiligen Autors bzw. Erstellers. Downloads und Kopien dieser Seite<br>sind nur f\u00fcr den privaten, nicht kommerziellen Gebrauch gestattet.<\/p>\n\n\n\n<p>Soweit die Inhalte auf dieser Seite nicht vom Betreiber erstellt wurden,<br>werden die Urheberrechte Dritter beachtet. Insbesondere werden<br>Inhalte Dritter als solche gekennzeichnet. Sollten Sie trotzdem auf<br>eine Urheberrechtsverletzung aufmerksam werden, bitten wir um einen<br>entsprechenden Hinweis. Bei Bekanntwerden von Rechtsverletzungen<br>werden wir derartige Inhalte umgehend entfernen.<\/p>\n","protected":false},"excerpt":{"rendered":"<p>Angaben gem\u00e4\u00df \u00a7 5 TM Physiotherapie im AntonsviertelNina W\u00fcnschMundingstra\u00dfe 3a86159 Augsburg Kontakt: Telefon: 0821\/ 589 23 24E-Mail: gesellschaft (at) physiotherapie-antonsviertel.de Aufsichtsbeh\u00f6rde: Gesundheitsamt AugsburgHoher Weg 886152 Augsburg Berufsbezeichnungund berufsrechtliche Regelungen Berufsbezeichnung: PhysiotherapeutenVerliehen durch:Zust\u00e4ndige Kammer: Gesundheitsamt Augsburg Es gelten folgende berufsrechtliche Regelungen: Staatlich anerkannter PhysiotherapeutRegelungen einsehbar unter:&nbsp;http:\/\/www.physio.de\/zulassung\/gesetz-beruf-pt.php Angabenzur Berufshaftpflichtversicherung Name und Sitz des Versicherers:Zurich AG Versicherung, Platz [&hellip;]<\/p>\n","protected":false},"author":1,"featured_media":0,"parent":0,"menu_order":0,"comment_status":"closed","ping_status":"closed","template":"","meta":{"footnotes":""},"class_list":["post-8263","page","type-page","status-publish","hentry"],"acf":[],"_links":{"self":[{"href":"https:\/\/physiotherapie-antonsviertel.de\/index.php?rest_route=\/wp\/v2\/pages\/8263","targetHints":{"allow":["GET"]}}],"collection":[{"href":"https:\/\/physiotherapie-antonsviertel.de\/index.php?rest_route=\/wp\/v2\/pages"}],"about":[{"href":"https:\/\/physiotherapie-antonsviertel.de\/index.php?rest_route=\/wp\/v2\/types\/page"}],"author":[{"embeddable":true,"href":"https:\/\/physiotherapie-antonsviertel.de\/index.php?rest_route=\/wp\/v2\/users\/1"}],"replies":[{"embeddable":true,"href":"https:\/\/physiotherapie-antonsviertel.de\/index.php?rest_route=%2Fwp%2Fv2%2Fcomments&post=8263"}],"version-history":[{"count":3,"href":"https:\/\/physiotherapie-antonsviertel.de\/index.php?rest_route=\/wp\/v2\/pages\/8263\/revisions"}],"predecessor-version":[{"id":8268,"href":"https:\/\/physiotherapie-antonsviertel.de\/index.php?rest_route=\/wp\/v2\/pages\/8263\/revisions\/8268"}],"wp:attachment":[{"href":"https:\/\/physiotherapie-antonsviertel.de\/index.php?rest_route=%2Fwp%2Fv2%2Fmedia&parent=8263"}],"curies":[{"name":"wp","href":"https:\/\/api.w.org\/{rel}","templated":true}]}}